{"id":6911,"date":"2024-01-25T18:48:01","date_gmt":"2024-01-25T18:48:01","guid":{"rendered":"https:\/\/ducciobrunetti.it\/privacy-policy\/"},"modified":"2024-04-10T22:27:26","modified_gmt":"2024-04-10T22:27:26","slug":"privacy-policy","status":"publish","type":"page","link":"https:\/\/ducciobrunetti.it\/en\/privacy-policy\/","title":{"rendered":"Privacy policy"},"content":{"rendered":"\n\n\t<p><b>INFORMATIVA PER IL TRATTAMENTO DEI DATI PERSONALI<\/b><\/p>\n<p><b>AI SENSI DELL&#8217;ART. 13 DEL REGOLAMENTO UE 679\/2016<\/b><\/p>\n<p>Il presente documento &#8220;Privacy policy&#8221; regola il trattamento dei dati personali dei soggetti interessati sul sito web raggiungibile al link <a href=\"https:\/\/www.ducciobrunetti.it\/\">https:\/\/www.ducciobrunetti.it\/<\/a>. Ai sensi dell&#8217;art. 13 Regolamento UE n. 2016\/679, vi informiamo che i dati personali da Voi forniti formeranno oggetto di trattamento nel rispetto della normativa sopra richiamata e degli obblighi di riservatezza, e che saranno trattati con le modalit\u00e0 e per le finalit\u00e0 seguenti.<\/p>\n<p><\/p>\n<ul>\n<li aria-level=\"1\"><b>Titolare del trattamento<\/b><\/li>\n<\/ul>\n<p>Il Titolare del trattamento \u00e8: Duccio Brunetti, Viale Partigiani 21, 10093, Collegno (TO), Codice Fiscale: BRNDCC91D02I921I, P.IVA: 12926540019.\u00a0<\/p>\n<p><\/p>\n<ul>\n<li aria-level=\"1\"><b>Oggetto del trattamento<\/b><\/li>\n<\/ul>\n<p>Il Titolare tratta i vostri dati personali, identificativi, (nome e cognome, indirizzo e-mail), in seguito, &#8220;dati personali&#8221; o anche &#8220;dati&#8221; &#8211; comunicati dall&#8217;utente nel richiedere informazioni sulle consulenze, tramite il sito <a href=\"https:\/\/www.ducciobrunetti.it\/\">https:\/\/www.ducciobrunetti.it\/<\/a>.<\/p>\n<p>In particolare, i vostri dati verranno trattati per:\u00a0<\/p>\n<ul>\n<li aria-level=\"1\">Fornire un mezzo che vi consenta di contattare il Titolare;<\/li>\n<li aria-level=\"1\">Permettere al Titolare di rispondere alle vostre domande e\/o richieste via mail.<\/li>\n<\/ul>\n<p>&nbsp;<\/p>\n<p>I vostri dati potrebbero essere ulteriormente trattati tramite cookie: per l&#8217;informativa completa, si rimanda alla Cookie Policy: <a href=\"https:\/\/www.ducciobrunetti.it\/cookie-policy\/\">https:\/\/www.ducciobrunetti.it\/cookie-policy\/<\/a><\/p>\n<p><\/p>\n<ul>\n<li aria-level=\"1\"><b>Finalit\u00e0 del trattamento<\/b><\/li>\n<\/ul>\n<p>I vostri dati personali sono trattati per le seguenti finalit\u00e0:\u00a0<\/p>\n<ol>\n<li>a) adempiere agli obblighi precontrattuali derivanti dai rapporti in essere e da quelli connessi in divenire (es. richiesta di informazioni su consulenze o progetti);\u00a0<\/li>\n<li>b) adempiere agli obblighi previsti dalla legge, da un regolamento, dalla normativa comunitaria o da un ordine dell&#8217;Autorit\u00e0;<\/li>\n<li>c) esercitare i diritti del Titolare, ad esempio il diritto di difesa in giudizio.<\/li>\n<\/ol>\n<p>&nbsp;<\/p>\n<p>Le basi giuridiche dei trattamenti sopraelencati sono le seguenti:<\/p>\n<ul>\n<li aria-level=\"1\">in riferimento alle finalit\u00e0 di cui al punto a) il trattamento \u00e8 necessario per adempiere un obbligo precontrattuale di cui l&#8217;interessato \u00e8 parte;<\/li>\n<li aria-level=\"1\">in riferimento alle finalit\u00e0 di cui ai punti b) il trattamento \u00e8 necessario per adempiere un obbligo legale al quale \u00e8 soggetto il titolare del trattamento;<\/li>\n<li aria-level=\"1\">in riferimento alle finalit\u00e0 di cui al punto c), il trattamento trova la sua base giuridica nel legittimo interesse del Titolare del trattamento<\/li>\n<\/ul>\n<p><\/p>\n<ul>\n<li aria-level=\"1\"><b>Modalit\u00e0 di trattamento e conservazione<\/b><\/li>\n<\/ul>\n<p>Il trattamento sar\u00e0 svolto in forma analogica (cartacea) e digitale (a mezzo strumenti informatici), nel rispetto di quanto previsto dall&#8217;art. 32 del GDPR in materia di misure di sicurezza, ad opera del Titolare e in ottemperanza a quanto previsto dell&#8217;art. 29 GDPR, nel rispetto dei principi di liceit\u00e0, limitazione delle finalit\u00e0 e minimizzazione dei dati.<\/p>\n<p><\/p>\n<ul>\n<li aria-level=\"1\"><b>Durata del trattamento\u00a0<\/b><\/li>\n<\/ul>\n<p>Ai sensi dell&#8217;art. 5 GDPR, i vostri dati personali saranno trattati e conservati per il tempo necessario al conseguimento delle finalit\u00e0 per le quali sono conferiti e, comunque, per il periodo di tempo previsto dalla legge. In ogni caso, per un periodo non superiore a dieci anni dalla cessazione del rapporto per le finalit\u00e0 inerenti agli adempimenti agli obblighi previsti dalla legge e\/o dal perseguimento degli interessi legittimi del Titolare.<\/p>\n<p><\/p>\n<ul>\n<li aria-level=\"1\"><b>Destinatari dei dati<\/b><\/li>\n<\/ul>\n<p>I vostri dati personali, inoltre, potranno essere comunicati a soggetti terzi, per esigenze tecniche ed operative strettamente collegate alle finalit\u00e0 sopra enunciate ed in particolare alle seguenti categorie di soggetti:<\/p>\n<ul>\n<li aria-level=\"1\">alle pubbliche autorit\u00e0 ed amministrazioni per le finalit\u00e0 connesse all&#8217;adempimento di obblighi legali o ai soggetti legittimati ad accedervi in forza di disposizioni di legge, regolamenti, normative comunitarie.<\/li>\n<\/ul>\n<p><\/p>\n<ul>\n<li aria-level=\"1\"><b>Trasferimento dati\u00a0<\/b><\/li>\n<\/ul>\n<p>I vostri dati personali sono conservati presso il Titolare del trattamento all&#8217;interno dell&#8217;Unione Europea. Qualora necessario, il Titolare potr\u00e0 trasferire i dati anche extra-UE. In tal caso, il Titolare assicura sin d&#8217;ora che il trasferimento dei dati extra-UE avverr\u00e0 in conformit\u00e0 alle disposizioni di legge applicabili, ed in particolare alle disposizioni previste dagli artt. 44 &#8211; 50 del Regolamento, secondo le clausole contrattuali considerate standard dalla Commissione Europea.<\/p>\n<p><\/p>\n<ul>\n<li aria-level=\"1\"><b>Natura del conferimento dei dati e conseguenze del rifiuto di rispondere\u00a0<\/b><\/li>\n<\/ul>\n<p>Il conferimento dei dati per le finalit\u00e0 di cui all&#8217;art. 3. \u00e8 obbligatorio. In loro assenza, non potremo garantire i Servizi, consistenti nel rispondere alle vostre richieste di informazioni in merito a consulenze o progetti.<\/p>\n<p>&nbsp;<\/p>\n<ol>\n<li aria-level=\"1\"><b>Diritti dell&#8217;interessato\u00a0<\/b><\/li>\n<\/ol>\n<p>Ai sensi degli articoli 13, comma 2, e da 15 a 22 del Regolamento, siete informati che in merito al trattamento dei vostri dati personali, potrete esercitare i seguenti diritti:<\/p>\n<ol>\n<li>a)\u00a0 chiedere la conferma dell&#8217;esistenza o meno di vostri dati personali;<\/li>\n<li>b) ottenere le indicazioni circa le finalit\u00e0 del trattamento, le categorie dei dati personali, i destinatari o le categorie di destinatari a cui i dati personali sono stati o saranno comunicati e, quando possibile, il periodo di conservazione;<\/li>\n<li>c) ottenere la rettifica e la cancellazione dei dati;<\/li>\n<li>d) ottenere la limitazione del trattamento;<\/li>\n<li>e) ottenere la portabilit\u00e0 dei dati, ossia riceverli dal Titolare del trattamento, in un formato strutturato, di uso comune e leggibile da dispositivo automatico, e trasmetterli ad un altro titolare del trattamento senza impedimenti;<\/li>\n<li>f) opporvi al trattamento in qualsiasi momento ed anche nel caso di trattamento per finalit\u00e0 di marketing diretto;<\/li>\n<li>g) opporvi ad un processo decisionale automatizzato relativo alle persone \ufb01siche, compresa la profilazione;<\/li>\n<li>h) chiedere al Titolare del trattamento l&#8217;accesso ai dati personali e la rettifica o la cancellazione degli stessi o la limitazione del trattamento che vi riguardano o di opporvi al loro trattamento, oltre al diritto alla portabilit\u00e0 dei dati;<\/li>\n<li>i) revocare il consenso in qualsiasi momento (ancorch\u00e9 la revoca render\u00e0 impossibile la prosecuzione del rapporto professionale), senza pregiudizio per la liceit\u00e0 del trattamento basata sul consenso prestato prima della revoca;<\/li>\n<li>j) proporre reclamo a un&#8217;autorit\u00e0 di controllo.<\/li>\n<\/ol>\n<p>&nbsp;<\/p>\n<ol>\n<li aria-level=\"1\"><b>Modalit\u00e0 di esercizio dei diritti di cui al presente articolo<\/b><\/li>\n<\/ol>\n<p>Potrete in qualsiasi momento esercitare i vostri diritti inviando:<\/p>\n<p>\u00a0<\/p>\n<p>&#8211; una PEC all&#8217;indirizzo: <a href=\"mailto:duccio.brunetti@pec.it\">duccio.brunetti@pec.it<\/a>\u00a0<\/p>\n<p>&#8211; una e -mail all&#8217;indirizzo: <a href=\"mailto:contact@ducciobrunetti.it\">contact@ducciobrunetti.it<\/a><\/p>\n<p>\u00a0<\/p>\n\n","protected":false},"excerpt":{"rendered":"<p>INFORMATIVA PER IL TRATTAMENTO DEI DATI PERSONALI AI SENSI DELL&#8217;ART. 13 DEL REGOLAMENTO UE 679\/2016 Il presente documento &#8220;Privacy policy&#8221; regola il trattamento dei dati personali dei soggetti interessati sul sito web raggiungibile al link https:\/\/www.ducciobrunetti.it\/. Ai sensi dell&#8217;art. 13 Regolamento UE n. 2016\/679, vi informiamo che i dati personali da Voi forniti formeranno oggetto&hellip;<\/p>\n","protected":false},"author":1,"featured_media":6855,"parent":0,"menu_order":0,"comment_status":"closed","ping_status":"closed","template":"","meta":{"footnotes":""},"class_list":["post-6911","page","type-page","status-publish","has-post-thumbnail","hentry"],"yoast_head":"<!-- This site is optimized with the Yoast SEO plugin v22.4 - https:\/\/yoast.com\/wordpress\/plugins\/seo\/ -->\n<title>Privacy policy - Duccio Brunetti<\/title>\n<meta name=\"robots\" content=\"index, follow, max-snippet:-1, max-image-preview:large, max-video-preview:-1\" \/>\n<link rel=\"canonical\" href=\"https:\/\/ducciobrunetti.it\/en\/privacy-policy\/\" \/>\n<meta property=\"og:locale\" content=\"en_US\" \/>\n<meta property=\"og:type\" content=\"article\" \/>\n<meta property=\"og:title\" content=\"Privacy policy - Duccio Brunetti\" \/>\n<meta property=\"og:description\" content=\"INFORMATIVA PER IL TRATTAMENTO DEI DATI PERSONALI AI SENSI DELL&#8217;ART. 13 DEL REGOLAMENTO UE 679\/2016 Il presente documento &#8220;Privacy policy&#8221; regola il trattamento dei dati personali dei soggetti interessati sul sito web raggiungibile al link https:\/\/www.ducciobrunetti.it\/. Ai sensi dell&#8217;art. 13 Regolamento UE n. 2016\/679, vi informiamo che i dati personali da Voi forniti formeranno oggetto&hellip;\" \/>\n<meta property=\"og:url\" content=\"https:\/\/ducciobrunetti.it\/en\/privacy-policy\/\" \/>\n<meta property=\"og:site_name\" content=\"Duccio Brunetti\" \/>\n<meta property=\"article:modified_time\" content=\"2024-04-10T22:27:26+00:00\" \/>\n<meta property=\"og:image\" content=\"https:\/\/ducciobrunetti.it\/wp-content\/uploads\/2023\/12\/duccio-brunetti-filmaking-art-direction87-scaled.jpg\" \/>\n\t<meta property=\"og:image:width\" content=\"2560\" \/>\n\t<meta property=\"og:image:height\" content=\"1440\" \/>\n\t<meta property=\"og:image:type\" content=\"image\/jpeg\" \/>\n<meta name=\"twitter:card\" content=\"summary_large_image\" \/>\n<meta name=\"twitter:label1\" content=\"Est. reading time\" \/>\n\t<meta name=\"twitter:data1\" content=\"5 minutes\" \/>\n<script type=\"application\/ld+json\" class=\"yoast-schema-graph\">{\"@context\":\"https:\/\/schema.org\",\"@graph\":[{\"@type\":\"WebPage\",\"@id\":\"https:\/\/ducciobrunetti.it\/en\/privacy-policy\/\",\"url\":\"https:\/\/ducciobrunetti.it\/en\/privacy-policy\/\",\"name\":\"Privacy policy - Duccio Brunetti\",\"isPartOf\":{\"@id\":\"https:\/\/ducciobrunetti.it\/en\/#website\"},\"primaryImageOfPage\":{\"@id\":\"https:\/\/ducciobrunetti.it\/en\/privacy-policy\/#primaryimage\"},\"image\":{\"@id\":\"https:\/\/ducciobrunetti.it\/en\/privacy-policy\/#primaryimage\"},\"thumbnailUrl\":\"https:\/\/ducciobrunetti.it\/wp-content\/uploads\/2023\/12\/duccio-brunetti-filmaking-art-direction87-scaled.jpg\",\"datePublished\":\"2024-01-25T18:48:01+00:00\",\"dateModified\":\"2024-04-10T22:27:26+00:00\",\"breadcrumb\":{\"@id\":\"https:\/\/ducciobrunetti.it\/en\/privacy-policy\/#breadcrumb\"},\"inLanguage\":\"en-US\",\"potentialAction\":[{\"@type\":\"ReadAction\",\"target\":[\"https:\/\/ducciobrunetti.it\/en\/privacy-policy\/\"]}]},{\"@type\":\"ImageObject\",\"inLanguage\":\"en-US\",\"@id\":\"https:\/\/ducciobrunetti.it\/en\/privacy-policy\/#primaryimage\",\"url\":\"https:\/\/ducciobrunetti.it\/wp-content\/uploads\/2023\/12\/duccio-brunetti-filmaking-art-direction87-scaled.jpg\",\"contentUrl\":\"https:\/\/ducciobrunetti.it\/wp-content\/uploads\/2023\/12\/duccio-brunetti-filmaking-art-direction87-scaled.jpg\",\"width\":2560,\"height\":1440},{\"@type\":\"BreadcrumbList\",\"@id\":\"https:\/\/ducciobrunetti.it\/en\/privacy-policy\/#breadcrumb\",\"itemListElement\":[{\"@type\":\"ListItem\",\"position\":1,\"name\":\"Home\",\"item\":\"https:\/\/ducciobrunetti.it\/en\/home\/\"},{\"@type\":\"ListItem\",\"position\":2,\"name\":\"Privacy policy\"}]},{\"@type\":\"WebSite\",\"@id\":\"https:\/\/ducciobrunetti.it\/en\/#website\",\"url\":\"https:\/\/ducciobrunetti.it\/en\/\",\"name\":\"Duccio Brunetti\",\"description\":\"\",\"publisher\":{\"@id\":\"https:\/\/ducciobrunetti.it\/en\/#\/schema\/person\/0ed6e1a7783e3324a659195856140bb8\"},\"potentialAction\":[{\"@type\":\"SearchAction\",\"target\":{\"@type\":\"EntryPoint\",\"urlTemplate\":\"https:\/\/ducciobrunetti.it\/en\/?s={search_term_string}\"},\"query-input\":\"required name=search_term_string\"}],\"inLanguage\":\"en-US\"},{\"@type\":[\"Person\",\"Organization\"],\"@id\":\"https:\/\/ducciobrunetti.it\/en\/#\/schema\/person\/0ed6e1a7783e3324a659195856140bb8\",\"name\":\"Duccio\",\"image\":{\"@type\":\"ImageObject\",\"inLanguage\":\"en-US\",\"@id\":\"https:\/\/ducciobrunetti.it\/en\/#\/schema\/person\/image\/\",\"url\":\"https:\/\/ducciobrunetti.it\/wp-content\/uploads\/2023\/12\/duccio-brunetti-filmaking-art-direction.png\",\"contentUrl\":\"https:\/\/ducciobrunetti.it\/wp-content\/uploads\/2023\/12\/duccio-brunetti-filmaking-art-direction.png\",\"width\":1920,\"height\":1080,\"caption\":\"Duccio\"},\"logo\":{\"@id\":\"https:\/\/ducciobrunetti.it\/en\/#\/schema\/person\/image\/\"}}]}<\/script>\n<!-- \/ Yoast SEO plugin. -->","yoast_head_json":{"title":"Privacy policy - Duccio Brunetti","robots":{"index":"index","follow":"follow","max-snippet":"max-snippet:-1","max-image-preview":"max-image-preview:large","max-video-preview":"max-video-preview:-1"},"canonical":"https:\/\/ducciobrunetti.it\/en\/privacy-policy\/","og_locale":"en_US","og_type":"article","og_title":"Privacy policy - Duccio Brunetti","og_description":"INFORMATIVA PER IL TRATTAMENTO DEI DATI PERSONALI AI SENSI DELL&#8217;ART. 13 DEL REGOLAMENTO UE 679\/2016 Il presente documento &#8220;Privacy policy&#8221; regola il trattamento dei dati personali dei soggetti interessati sul sito web raggiungibile al link https:\/\/www.ducciobrunetti.it\/. Ai sensi dell&#8217;art. 13 Regolamento UE n. 2016\/679, vi informiamo che i dati personali da Voi forniti formeranno oggetto&hellip;","og_url":"https:\/\/ducciobrunetti.it\/en\/privacy-policy\/","og_site_name":"Duccio Brunetti","article_modified_time":"2024-04-10T22:27:26+00:00","og_image":[{"width":2560,"height":1440,"url":"https:\/\/ducciobrunetti.it\/wp-content\/uploads\/2023\/12\/duccio-brunetti-filmaking-art-direction87-scaled.jpg","type":"image\/jpeg"}],"twitter_card":"summary_large_image","twitter_misc":{"Est. reading time":"5 minutes"},"schema":{"@context":"https:\/\/schema.org","@graph":[{"@type":"WebPage","@id":"https:\/\/ducciobrunetti.it\/en\/privacy-policy\/","url":"https:\/\/ducciobrunetti.it\/en\/privacy-policy\/","name":"Privacy policy - Duccio Brunetti","isPartOf":{"@id":"https:\/\/ducciobrunetti.it\/en\/#website"},"primaryImageOfPage":{"@id":"https:\/\/ducciobrunetti.it\/en\/privacy-policy\/#primaryimage"},"image":{"@id":"https:\/\/ducciobrunetti.it\/en\/privacy-policy\/#primaryimage"},"thumbnailUrl":"https:\/\/ducciobrunetti.it\/wp-content\/uploads\/2023\/12\/duccio-brunetti-filmaking-art-direction87-scaled.jpg","datePublished":"2024-01-25T18:48:01+00:00","dateModified":"2024-04-10T22:27:26+00:00","breadcrumb":{"@id":"https:\/\/ducciobrunetti.it\/en\/privacy-policy\/#breadcrumb"},"inLanguage":"en-US","potentialAction":[{"@type":"ReadAction","target":["https:\/\/ducciobrunetti.it\/en\/privacy-policy\/"]}]},{"@type":"ImageObject","inLanguage":"en-US","@id":"https:\/\/ducciobrunetti.it\/en\/privacy-policy\/#primaryimage","url":"https:\/\/ducciobrunetti.it\/wp-content\/uploads\/2023\/12\/duccio-brunetti-filmaking-art-direction87-scaled.jpg","contentUrl":"https:\/\/ducciobrunetti.it\/wp-content\/uploads\/2023\/12\/duccio-brunetti-filmaking-art-direction87-scaled.jpg","width":2560,"height":1440},{"@type":"BreadcrumbList","@id":"https:\/\/ducciobrunetti.it\/en\/privacy-policy\/#breadcrumb","itemListElement":[{"@type":"ListItem","position":1,"name":"Home","item":"https:\/\/ducciobrunetti.it\/en\/home\/"},{"@type":"ListItem","position":2,"name":"Privacy policy"}]},{"@type":"WebSite","@id":"https:\/\/ducciobrunetti.it\/en\/#website","url":"https:\/\/ducciobrunetti.it\/en\/","name":"Duccio Brunetti","description":"","publisher":{"@id":"https:\/\/ducciobrunetti.it\/en\/#\/schema\/person\/0ed6e1a7783e3324a659195856140bb8"},"potentialAction":[{"@type":"SearchAction","target":{"@type":"EntryPoint","urlTemplate":"https:\/\/ducciobrunetti.it\/en\/?s={search_term_string}"},"query-input":"required name=search_term_string"}],"inLanguage":"en-US"},{"@type":["Person","Organization"],"@id":"https:\/\/ducciobrunetti.it\/en\/#\/schema\/person\/0ed6e1a7783e3324a659195856140bb8","name":"Duccio","image":{"@type":"ImageObject","inLanguage":"en-US","@id":"https:\/\/ducciobrunetti.it\/en\/#\/schema\/person\/image\/","url":"https:\/\/ducciobrunetti.it\/wp-content\/uploads\/2023\/12\/duccio-brunetti-filmaking-art-direction.png","contentUrl":"https:\/\/ducciobrunetti.it\/wp-content\/uploads\/2023\/12\/duccio-brunetti-filmaking-art-direction.png","width":1920,"height":1080,"caption":"Duccio"},"logo":{"@id":"https:\/\/ducciobrunetti.it\/en\/#\/schema\/person\/image\/"}}]}},"_links":{"self":[{"href":"https:\/\/ducciobrunetti.it\/en\/wp-json\/wp\/v2\/pages\/6911","targetHints":{"allow":["GET"]}}],"collection":[{"href":"https:\/\/ducciobrunetti.it\/en\/wp-json\/wp\/v2\/pages"}],"about":[{"href":"https:\/\/ducciobrunetti.it\/en\/wp-json\/wp\/v2\/types\/page"}],"author":[{"embeddable":true,"href":"https:\/\/ducciobrunetti.it\/en\/wp-json\/wp\/v2\/users\/1"}],"replies":[{"embeddable":true,"href":"https:\/\/ducciobrunetti.it\/en\/wp-json\/wp\/v2\/comments?post=6911"}],"version-history":[{"count":1,"href":"https:\/\/ducciobrunetti.it\/en\/wp-json\/wp\/v2\/pages\/6911\/revisions"}],"predecessor-version":[{"id":6922,"href":"https:\/\/ducciobrunetti.it\/en\/wp-json\/wp\/v2\/pages\/6911\/revisions\/6922"}],"wp:featuredmedia":[{"embeddable":true,"href":"https:\/\/ducciobrunetti.it\/en\/wp-json\/wp\/v2\/media\/6855"}],"wp:attachment":[{"href":"https:\/\/ducciobrunetti.it\/en\/wp-json\/wp\/v2\/media?parent=6911"}],"curies":[{"name":"wp","href":"https:\/\/api.w.org\/{rel}","templated":true}]}}